{"id":3023,"date":"2018-05-28T15:46:47","date_gmt":"2018-05-28T13:46:47","guid":{"rendered":"https:\/\/muelheim-water-award.com\/?page_id=3023"},"modified":"2026-03-23T14:49:23","modified_gmt":"2026-03-23T13:49:23","slug":"legal-disclaimer","status":"publish","type":"page","link":"https:\/\/muelheim-water-award.com\/en\/legal-disclaimer\/","title":{"rendered":"Legal Disclaimer"},"content":{"rendered":"<div id='layer_slider_1'  class='avia-layerslider main_color avia-shadow  avia-builder-el-0  el_before_av_section  avia-builder-el-first  container_wrap sidebar_right'  style='height: 301px;'  ><\/div>\n<div id='av_section_1'  class='avia-section av-27p0u3-0e4e43d7d2b25439d4cc62f6dc9134c5 main_color avia-section-no-padding avia-no-border-styling  avia-builder-el-1  el_after_av_layerslider  el_before_av_textblock  avia-bg-style-scroll container_wrap sidebar_right'  ><div class='container av-section-cont-open' ><div class='template-page content  av-content-small alpha units'><div class='post-entry post-entry-type-page post-entry-3023'><div class='entry-content-wrapper clearfix'>\n\n<style type=\"text\/css\" data-created_by=\"avia_inline_auto\" id=\"style-css-av-20n1bf-bc6dcbcffb8e123fc7b8a8eb02a8f92f\">\n#top .hr.hr-invisible.av-20n1bf-bc6dcbcffb8e123fc7b8a8eb02a8f92f{\nheight:20px;\n}\n<\/style>\n<div  class='hr av-20n1bf-bc6dcbcffb8e123fc7b8a8eb02a8f92f hr-invisible  avia-builder-el-2  el_before_av_heading  avia-builder-el-first '><span class='hr-inner '><span class=\"hr-inner-style\"><\/span><\/span><\/div>\n\n<style type=\"text\/css\" data-created_by=\"avia_inline_auto\" id=\"style-css-av-1vyuj7-bb1b093b0ff7b7ad7006e1724fd0a5c8\">\n#top .av-special-heading.av-1vyuj7-bb1b093b0ff7b7ad7006e1724fd0a5c8{\npadding-bottom:10px;\nfont-size:40px;\n}\nbody .av-special-heading.av-1vyuj7-bb1b093b0ff7b7ad7006e1724fd0a5c8 .av-special-heading-tag .heading-char{\nfont-size:25px;\n}\n#top #wrap_all .av-special-heading.av-1vyuj7-bb1b093b0ff7b7ad7006e1724fd0a5c8 .av-special-heading-tag{\nfont-size:40px;\n}\n.av-special-heading.av-1vyuj7-bb1b093b0ff7b7ad7006e1724fd0a5c8 .av-subheading{\nfont-size:15px;\n}\n\n@media only screen and (min-width: 480px) and (max-width: 767px){ \n#top #wrap_all .av-special-heading.av-1vyuj7-bb1b093b0ff7b7ad7006e1724fd0a5c8 .av-special-heading-tag{\nfont-size:0.8em;\n}\n}\n\n@media only screen and (max-width: 479px){ \n#top #wrap_all .av-special-heading.av-1vyuj7-bb1b093b0ff7b7ad7006e1724fd0a5c8 .av-special-heading-tag{\nfont-size:0.8em;\n}\n}\n<\/style>\n<div  class='av-special-heading av-1vyuj7-bb1b093b0ff7b7ad7006e1724fd0a5c8 av-special-heading-h1 blockquote modern-quote modern-centered  avia-builder-el-3  el_after_av_hr  el_before_av_hr  av-inherit-size'><h1 class='av-special-heading-tag '  itemprop=\"headline\"  >Impressum<\/h1><div class=\"special-heading-border\"><div class=\"special-heading-inner-border\"><\/div><\/div><\/div>\n<div  class='hr av-67ro3-3f4d219b8794688e7c5f4dce83cb8c00 hr-default  avia-builder-el-4  el_after_av_heading  avia-builder-el-last '><span class='hr-inner '><span class=\"hr-inner-style\"><\/span><\/span><\/div>\n<\/div><\/div><\/div><!-- close content main div --><\/div><\/div><div id='after_section_1'  class='main_color av_default_container_wrap container_wrap sidebar_right'  ><div class='container av-section-cont-open' ><div class='template-page content  av-content-small alpha units'><div class='post-entry post-entry-type-page post-entry-3023'><div class='entry-content-wrapper clearfix'>\n<section  class='av_textblock_section av-1ic33f-b32bee948437a15f8aec4b58a11be808 '   itemscope=\"itemscope\" itemtype=\"https:\/\/schema.org\/CreativeWork\" ><div class='avia_textblock'  itemprop=\"text\" ><h4>Angaben gem\u00e4\u00df \u00a7 5 TMG:<\/h4>\n<p>IWW Institut f\u00fcr Wasserforschung gemeinn\u00fctzige GmbH<\/p>\n<p>Moritzstr. 26<br \/>\n45476 M\u00fclheim an der Ruhr<br \/>\nDeutschland<br \/>\nTelefon: +49 208 40303-0<br \/>\nTelefax: +49 208 40303-80<br \/>\nE-Mail: info@iww-online.de<\/p>\n<p>Vertreten durch:<br \/>\nDr. Kristina Baillot (Gesch\u00e4ftsf\u00fchrerin)<\/p>\n<p>Amtsgericht Duisburg,<br \/>\nHRB 37601<br \/>\nUmsatzsteuer-ID-Nr.: DE367099107<\/p>\n<p>Mitglied der JRF (Johannes-Rau-Forschungsgemeinschaft)<\/p>\n<h4>Verantwortlich f\u00fcr den Inhalt nach \u00a7 55 Abs. 2 RStV:<\/h4>\n<p>Dr. Kristina Baillot (Gesch\u00e4ftsf\u00fchrerin)<\/p>\n<p>Moritzstr. 26<br \/>\n45476 M\u00fclheim an der Ruhr<br \/>\nDeutschland<\/p>\n<h4>Haftungsausschluss (Disclaimer):<\/h4>\n<h5>Haftung f\u00fcr Inhalte<\/h5>\n<p>Als Diensteanbieter sind wir gem\u00e4\u00df \u00a7 7 Abs.1 TMG f\u00fcr eigene Inhalte auf diesen Seiten nach den allgemeinen Gesetzen verantwortlich. Nach \u00a7\u00a7 8 bis 10 TMG sind wir als Diensteanbieter jedoch nicht verpflichtet, \u00fcbermittelte oder gespeicherte fremde Informationen zu \u00fcberwachen oder nach Umst\u00e4nden zu forschen, die auf eine rechtswidrige T\u00e4tigkeit hinweisen.<br \/>\nVerpflichtungen zur Entfernung oder Sperrung der Nutzung von Informationen nach den allgemeinen Gesetzen bleiben hiervon unber\u00fchrt. Eine diesbez\u00fcgliche Haftung ist jedoch erst ab dem Zeitpunkt der Kenntnis einer konkreten Rechtsverletzung m\u00f6glich. Bei Bekanntwerden von entsprechenden Rechtsverletzungen werden wir diese Inhalte umgehend entfernen.<\/p>\n<h5>Haftung f\u00fcr Links<\/h5>\n<p>Unser Angebot enth\u00e4lt Links zu externen Webseiten Dritter, auf deren Inhalte wir keinen Einfluss haben. Deshalb k\u00f6nnen wir f\u00fcr diese fremden Inhalte auch keine Gew\u00e4hr \u00fcbernehmen. F\u00fcr die Inhalte der verlinkten Seiten ist stets der jeweilige Anbieter oder Betreiber der Seiten verantwortlich. Die verlinkten Seiten wurden zum Zeitpunkt der Verlinkung auf m\u00f6gliche Rechtsverst\u00f6\u00dfe \u00fcberpr\u00fcft. Rechtswidrige Inhalte waren zum Zeitpunkt der Verlinkung nicht erkennbar.<br \/>\nEine permanente inhaltliche Kontrolle der verlinkten Seiten ist jedoch ohne konkrete Anhaltspunkte einer Rechtsverletzung nicht zumutbar. Bei Bekanntwerden von Rechtsverletzungen werden wir derartige Links umgehend entfernen.<\/p>\n<h5>Urheberrecht<\/h5>\n<p>Die durch die Seitenbetreiber erstellten Inhalte und Werke auf diesen Seiten unterliegen dem deutschen Urheberrecht. Die Vervielf\u00e4ltigung, Bearbeitung, Verbreitung und jede Art der Verwertung au\u00dferhalb der Grenzen des Urheberrechtes bed\u00fcrfen der schriftlichen Zustimmung des jeweiligen Autors bzw. Erstellers. Downloads und Kopien dieser Seite sind nur f\u00fcr den privaten, nicht kommerziellen Gebrauch gestattet.<br \/>\nSoweit die Inhalte auf dieser Seite nicht vom Betreiber erstellt wurden, werden die Urheberrechte Dritter beachtet. Insbesondere werden Inhalte Dritter als solche gekennzeichnet. Sollten Sie trotzdem auf eine Urheberrechtsverletzung aufmerksam werden, bitten wir um einen entsprechenden Hinweis. Bei Bekanntwerden von Rechtsverletzungen werden wir derartige Inhalte umgehend entfernen.<\/p>\n<h4>Bild-Credits<\/h4>\n<p>Auf dieser Website werden unter anderem Bilder von RWW, Gerstel und <a href=\"http:\/\/shutterstock.com\" target=\"_blank\" rel=\"noopener noreferrer\">shutterstock.com<\/a> benutzt \u2013 die Liste s\u00e4mtlicher Credits finden Sie hier: <a href=\"https:\/\/muelheim-water-award.com\/wp-content\/uploads\/2017\/05\/MWA_bildcredits.txt\" target=\"_blank\" rel=\"noopener noreferrer\">MWA_Bild-Credits<\/a>.<\/p>\n<\/div><\/section>\n<\/div><\/div><\/div><!-- close content main div --><\/div><\/div>\n<style type=\"text\/css\" data-created_by=\"avia_inline_auto\" id=\"style-css-av-1gharv-f44065683b274b4f5d5ea90823d930eb\">\n.avia-section.av-1gharv-f44065683b274b4f5d5ea90823d930eb{\nbackground-color:#e1e1e1;\nbackground-image:unset;\n}\n<\/style>\n<div id='av_section_2'  class='avia-section av-1gharv-f44065683b274b4f5d5ea90823d930eb main_color avia-section-no-padding avia-no-shadow  avia-builder-el-6  el_after_av_textblock  avia-builder-el-last  avia-bg-style-scroll av-minimum-height av-minimum-height-custom av-height-custom  container_wrap sidebar_right'   data-av_minimum_height_px='65'><div class='container av-section-cont-open' style='height:65px'><div class='template-page content  av-content-small alpha units'><div class='post-entry post-entry-type-page post-entry-3023'><div class='entry-content-wrapper clearfix'>\n<div class='flex_column_table av-16zfob-b470c8f9aa856e56fb4d99f68951d7a3 sc-av_one_fifth av-equal-height-column-flextable'>\n<style type=\"text\/css\" data-created_by=\"avia_inline_auto\" id=\"style-css-av-16zfob-b470c8f9aa856e56fb4d99f68951d7a3\">\n.flex_column.av-16zfob-b470c8f9aa856e56fb4d99f68951d7a3{\nborder-radius:0px 0px 0px 0px;\npadding:30px 30px 30px 30px;\n}\n<\/style>\n<div  class='flex_column av-16zfob-b470c8f9aa856e56fb4d99f68951d7a3 av_one_fifth  avia-builder-el-7  el_before_av_one_fifth  avia-builder-el-first  first no_margin flex_column_table_cell av-equal-height-column av-align-middle  '     ><\/div>\n<style type=\"text\/css\" data-created_by=\"avia_inline_auto\" id=\"style-css-av-14ax4z-2b164f285168ae7eee82afafeb496095\">\n.flex_column.av-14ax4z-2b164f285168ae7eee82afafeb496095{\nborder-radius:0px 0px 0px 0px;\npadding:30px 30px 30px 30px;\n}\n<\/style>\n<div  class='flex_column av-14ax4z-2b164f285168ae7eee82afafeb496095 av_one_fifth  avia-builder-el-8  el_after_av_one_fifth  el_before_av_one_fifth  no_margin flex_column_table_cell av-equal-height-column av-align-middle  '     ><style type=\"text\/css\" data-created_by=\"avia_inline_auto\" id=\"style-css-av-xfk1n-586a966ae0eb8049fcfe386d7c7fed9c\">\n.avia-image-container.av-xfk1n-586a966ae0eb8049fcfe386d7c7fed9c img.avia_image{\nbox-shadow:none;\n}\n.avia-image-container.av-xfk1n-586a966ae0eb8049fcfe386d7c7fed9c .av-image-caption-overlay-center{\ncolor:#ffffff;\n}\n<\/style>\n<div  class='avia-image-container av-xfk1n-586a966ae0eb8049fcfe386d7c7fed9c av-styling- av-img-linked avia-align-center  avia-builder-el-9  avia-builder-el-no-sibling '   itemprop=\"image\" itemscope=\"itemscope\" itemtype=\"https:\/\/schema.org\/ImageObject\" ><div class=\"avia-image-container-inner\"><div class=\"avia-image-overlay-wrap\"><a href=\"https:\/\/muelheim-water-award.com\/en\/partners\/\" class='avia_image '  aria-label='Logo RWW'><img decoding=\"async\" fetchpriority=\"high\" class='wp-image-5451 avia-img-lazy-loading-not-5451 avia_image ' src=\"https:\/\/muelheim-water-award.com\/wp-content\/uploads\/2025\/09\/Logo_RWW_WbW_2017_H120px.png_grau.png\" alt='Logo RWW' title='Logo RWW'  height=\"120\" width=\"334\"  itemprop=\"thumbnailUrl\"  \/><\/a><\/div><\/div><\/div><\/div>\n<style type=\"text\/css\" data-created_by=\"avia_inline_auto\" id=\"style-css-av-qcqfn-e6e8fe9ac2a93d794bc1e4140e1eb7ef\">\n.flex_column.av-qcqfn-e6e8fe9ac2a93d794bc1e4140e1eb7ef{\nborder-radius:0px 0px 0px 0px;\npadding:30px 30px 30px 30px;\n}\n<\/style>\n<div  class='flex_column av-qcqfn-e6e8fe9ac2a93d794bc1e4140e1eb7ef av_one_fifth  avia-builder-el-10  el_after_av_one_fifth  el_before_av_one_fifth  no_margin flex_column_table_cell av-equal-height-column av-align-middle  '     ><\/div>\n<style type=\"text\/css\" data-created_by=\"avia_inline_auto\" id=\"style-css-av-j4bfn-018c8e4cfa3f0fb93573a56442840358\">\n.flex_column.av-j4bfn-018c8e4cfa3f0fb93573a56442840358{\nborder-radius:0px 0px 0px 0px;\npadding:30px 30px 30px 30px;\n}\n<\/style>\n<div  class='flex_column av-j4bfn-018c8e4cfa3f0fb93573a56442840358 av_one_fifth  avia-builder-el-11  el_after_av_one_fifth  el_before_av_one_fifth  no_margin flex_column_table_cell av-equal-height-column av-align-middle  '     ><style type=\"text\/css\" data-created_by=\"avia_inline_auto\" id=\"style-css-av-hlpdv-33c25acab943cfa36b12a5eafe0b53f4\">\n.avia-image-container.av-hlpdv-33c25acab943cfa36b12a5eafe0b53f4 img.avia_image{\nbox-shadow:none;\n}\n.avia-image-container.av-hlpdv-33c25acab943cfa36b12a5eafe0b53f4 .av-image-caption-overlay-center{\ncolor:#ffffff;\n}\n<\/style>\n<div  class='avia-image-container av-hlpdv-33c25acab943cfa36b12a5eafe0b53f4 av-styling- av-img-linked avia-align-center  avia-builder-el-12  avia-builder-el-no-sibling '   itemprop=\"image\" itemscope=\"itemscope\" itemtype=\"https:\/\/schema.org\/ImageObject\" ><div class=\"avia-image-container-inner\"><div class=\"avia-image-overlay-wrap\"><a href=\"https:\/\/muelheim-water-award.com\/en\/partners\/\" class='avia_image '  aria-label='Logo Velaris'><img decoding=\"async\" fetchpriority=\"high\" class='wp-image-5616 avia-img-lazy-loading-not-5616 avia_image ' src=\"https:\/\/muelheim-water-award.com\/wp-content\/uploads\/2026\/01\/Velaris_logo_horizonta_sw-395x97.png\" alt='' title='Logo Velaris'  height=\"97\" width=\"395\"  itemprop=\"thumbnailUrl\" srcset=\"https:\/\/muelheim-water-award.com\/wp-content\/uploads\/2026\/01\/Velaris_logo_horizonta_sw-395x97.png 395w, https:\/\/muelheim-water-award.com\/wp-content\/uploads\/2026\/01\/Velaris_logo_horizonta_sw-1030x254.png 1030w, https:\/\/muelheim-water-award.com\/wp-content\/uploads\/2026\/01\/Velaris_logo_horizonta_sw-768x189.png 768w, https:\/\/muelheim-water-award.com\/wp-content\/uploads\/2026\/01\/Velaris_logo_horizonta_sw-1536x379.png 1536w, https:\/\/muelheim-water-award.com\/wp-content\/uploads\/2026\/01\/Velaris_logo_horizonta_sw-2048x505.png 2048w, https:\/\/muelheim-water-award.com\/wp-content\/uploads\/2026\/01\/Velaris_logo_horizonta_sw-1500x370.png 1500w, https:\/\/muelheim-water-award.com\/wp-content\/uploads\/2026\/01\/Velaris_logo_horizonta_sw-705x174.png 705w\" sizes=\"(max-width: 395px) 100vw, 395px\" \/><\/a><\/div><\/div><\/div><\/div>\n<style type=\"text\/css\" data-created_by=\"avia_inline_auto\" id=\"style-css-av-94d3n-4e38ac813446f16eddc38e0f6178e22e\">\n.flex_column.av-94d3n-4e38ac813446f16eddc38e0f6178e22e{\nborder-radius:0px 0px 0px 0px;\npadding:30px 30px 30px 30px;\n}\n<\/style>\n<div  class='flex_column av-94d3n-4e38ac813446f16eddc38e0f6178e22e av_one_fifth  avia-builder-el-13  el_after_av_one_fifth  avia-builder-el-last  no_margin flex_column_table_cell av-equal-height-column av-align-middle  '     ><\/div><\/div><!--close column table wrapper. Autoclose: 1 -->\n<\/div><\/div><\/div><!-- close content main div --><\/div><\/div><div id='after_section_2'  class='main_color av_default_container_wrap container_wrap sidebar_right'  ><div class='container av-section-cont-open' ><div class='template-page content  av-content-small alpha units'><div class='post-entry post-entry-type-page post-entry-3023'><div class='entry-content-wrapper clearfix'>\n","protected":false},"excerpt":{"rendered":"","protected":false},"author":6,"featured_media":0,"parent":0,"menu_order":0,"comment_status":"closed","ping_status":"closed","template":"","meta":{"inline_featured_image":false,"footnotes":""},"class_list":["post-3023","page","type-page","status-publish","hentry"],"yoast_head":"<!-- This site is optimized with the Yoast SEO plugin v27.4 - https:\/\/yoast.com\/product\/yoast-seo-wordpress\/ -->\n<title>Legal Disclaimer - MWA<\/title>\n<meta name=\"robots\" content=\"index, follow, max-snippet:-1, max-image-preview:large, max-video-preview:-1\" \/>\n<link rel=\"canonical\" href=\"https:\/\/muelheim-water-award.com\/en\/legal-disclaimer\/\" \/>\n<meta property=\"og:locale\" content=\"en_US\" \/>\n<meta property=\"og:type\" content=\"article\" \/>\n<meta property=\"og:title\" content=\"Legal Disclaimer - MWA\" \/>\n<meta property=\"og:url\" content=\"https:\/\/muelheim-water-award.com\/en\/legal-disclaimer\/\" \/>\n<meta property=\"og:site_name\" content=\"MWA\" \/>\n<meta property=\"article:modified_time\" content=\"2026-03-23T13:49:23+00:00\" \/>\n<meta name=\"twitter:card\" content=\"summary_large_image\" \/>\n<meta name=\"twitter:label1\" content=\"Est. reading time\" \/>\n\t<meta name=\"twitter:data1\" content=\"4 minutes\" \/>\n<script type=\"application\/ld+json\" class=\"yoast-schema-graph\">{\"@context\":\"https:\\\/\\\/schema.org\",\"@graph\":[{\"@type\":\"WebPage\",\"@id\":\"https:\\\/\\\/muelheim-water-award.com\\\/en\\\/legal-disclaimer\\\/\",\"url\":\"https:\\\/\\\/muelheim-water-award.com\\\/en\\\/legal-disclaimer\\\/\",\"name\":\"Legal Disclaimer - MWA\",\"isPartOf\":{\"@id\":\"https:\\\/\\\/muelheim-water-award.com\\\/en\\\/#website\"},\"datePublished\":\"2018-05-28T13:46:47+00:00\",\"dateModified\":\"2026-03-23T13:49:23+00:00\",\"breadcrumb\":{\"@id\":\"https:\\\/\\\/muelheim-water-award.com\\\/en\\\/legal-disclaimer\\\/#breadcrumb\"},\"inLanguage\":\"en-US\",\"potentialAction\":[{\"@type\":\"ReadAction\",\"target\":[\"https:\\\/\\\/muelheim-water-award.com\\\/en\\\/legal-disclaimer\\\/\"]}]},{\"@type\":\"BreadcrumbList\",\"@id\":\"https:\\\/\\\/muelheim-water-award.com\\\/en\\\/legal-disclaimer\\\/#breadcrumb\",\"itemListElement\":[{\"@type\":\"ListItem\",\"position\":1,\"name\":\"Startseite\",\"item\":\"https:\\\/\\\/muelheim-water-award.com\\\/en\\\/\"},{\"@type\":\"ListItem\",\"position\":2,\"name\":\"Legal Disclaimer\"}]},{\"@type\":\"WebSite\",\"@id\":\"https:\\\/\\\/muelheim-water-award.com\\\/en\\\/#website\",\"url\":\"https:\\\/\\\/muelheim-water-award.com\\\/en\\\/\",\"name\":\"M\u00fclheim Water Award\",\"description\":\"M\u00fclheim Water Award\",\"potentialAction\":[{\"@type\":\"SearchAction\",\"target\":{\"@type\":\"EntryPoint\",\"urlTemplate\":\"https:\\\/\\\/muelheim-water-award.com\\\/en\\\/?s={search_term_string}\"},\"query-input\":{\"@type\":\"PropertyValueSpecification\",\"valueRequired\":true,\"valueName\":\"search_term_string\"}}],\"inLanguage\":\"en-US\"}]}<\/script>\n<!-- \/ Yoast SEO plugin. -->","yoast_head_json":{"title":"Legal Disclaimer - MWA","robots":{"index":"index","follow":"follow","max-snippet":"max-snippet:-1","max-image-preview":"max-image-preview:large","max-video-preview":"max-video-preview:-1"},"canonical":"https:\/\/muelheim-water-award.com\/en\/legal-disclaimer\/","og_locale":"en_US","og_type":"article","og_title":"Legal Disclaimer - MWA","og_url":"https:\/\/muelheim-water-award.com\/en\/legal-disclaimer\/","og_site_name":"MWA","article_modified_time":"2026-03-23T13:49:23+00:00","twitter_card":"summary_large_image","twitter_misc":{"Est. reading time":"4 minutes"},"schema":{"@context":"https:\/\/schema.org","@graph":[{"@type":"WebPage","@id":"https:\/\/muelheim-water-award.com\/en\/legal-disclaimer\/","url":"https:\/\/muelheim-water-award.com\/en\/legal-disclaimer\/","name":"Legal Disclaimer - MWA","isPartOf":{"@id":"https:\/\/muelheim-water-award.com\/en\/#website"},"datePublished":"2018-05-28T13:46:47+00:00","dateModified":"2026-03-23T13:49:23+00:00","breadcrumb":{"@id":"https:\/\/muelheim-water-award.com\/en\/legal-disclaimer\/#breadcrumb"},"inLanguage":"en-US","potentialAction":[{"@type":"ReadAction","target":["https:\/\/muelheim-water-award.com\/en\/legal-disclaimer\/"]}]},{"@type":"BreadcrumbList","@id":"https:\/\/muelheim-water-award.com\/en\/legal-disclaimer\/#breadcrumb","itemListElement":[{"@type":"ListItem","position":1,"name":"Startseite","item":"https:\/\/muelheim-water-award.com\/en\/"},{"@type":"ListItem","position":2,"name":"Legal Disclaimer"}]},{"@type":"WebSite","@id":"https:\/\/muelheim-water-award.com\/en\/#website","url":"https:\/\/muelheim-water-award.com\/en\/","name":"M\u00fclheim Water Award","description":"M\u00fclheim Water Award","potentialAction":[{"@type":"SearchAction","target":{"@type":"EntryPoint","urlTemplate":"https:\/\/muelheim-water-award.com\/en\/?s={search_term_string}"},"query-input":{"@type":"PropertyValueSpecification","valueRequired":true,"valueName":"search_term_string"}}],"inLanguage":"en-US"}]}},"_links":{"self":[{"href":"https:\/\/muelheim-water-award.com\/en\/wp-json\/wp\/v2\/pages\/3023","targetHints":{"allow":["GET"]}}],"collection":[{"href":"https:\/\/muelheim-water-award.com\/en\/wp-json\/wp\/v2\/pages"}],"about":[{"href":"https:\/\/muelheim-water-award.com\/en\/wp-json\/wp\/v2\/types\/page"}],"author":[{"embeddable":true,"href":"https:\/\/muelheim-water-award.com\/en\/wp-json\/wp\/v2\/users\/6"}],"replies":[{"embeddable":true,"href":"https:\/\/muelheim-water-award.com\/en\/wp-json\/wp\/v2\/comments?post=3023"}],"version-history":[{"count":5,"href":"https:\/\/muelheim-water-award.com\/en\/wp-json\/wp\/v2\/pages\/3023\/revisions"}],"predecessor-version":[{"id":5784,"href":"https:\/\/muelheim-water-award.com\/en\/wp-json\/wp\/v2\/pages\/3023\/revisions\/5784"}],"wp:attachment":[{"href":"https:\/\/muelheim-water-award.com\/en\/wp-json\/wp\/v2\/media?parent=3023"}],"curies":[{"name":"wp","href":"https:\/\/api.w.org\/{rel}","templated":true}]}}